{"id":22548,"date":"2017-10-04T08:42:43","date_gmt":"2017-10-04T08:42:43","guid":{"rendered":"http:\/\/wpresidence.net\/?page_id=22548"},"modified":"2026-02-06T17:02:16","modified_gmt":"2026-02-06T15:02:16","slug":"apibiza","status":"publish","type":"page","link":"https:\/\/www.ibizadiferente.com\/es\/apibiza\/","title":{"rendered":"APIBIZA"},"content":{"rendered":"<div data-elementor-type=\"wp-page\" data-elementor-id=\"22548\" class=\"elementor elementor-22548\" data-elementor-post-type=\"page\">\n\t\t\t\t\t\t<section class=\"elementor-section elementor-top-section elementor-element elementor-element-699b139 elementor-section-boxed elementor-section-height-default elementor-section-height-default\" data-id=\"699b139\" data-element_type=\"section\" data-e-type=\"section\">\n\t\t\t\t\t\t<div class=\"elementor-container elementor-column-gap-default\">\n\t\t\t\t\t<div class=\"elementor-column elementor-col-100 elementor-top-column elementor-element elementor-element-1580040\" data-id=\"1580040\" data-element_type=\"column\" data-e-type=\"column\">\n\t\t\t<div class=\"elementor-widget-wrap\">\n\t\t\t\t\t\t\t<\/div>\n\t\t<\/div>\n\t\t\t\t\t<\/div>\n\t\t<\/section>\n\t\t\t\t<section class=\"elementor-section elementor-top-section elementor-element elementor-element-7fcbe350 elementor-section-boxed elementor-section-height-default elementor-section-height-default\" data-id=\"7fcbe350\" data-element_type=\"section\" data-e-type=\"section\" data-settings=\"{&quot;background_background&quot;:&quot;classic&quot;}\">\n\t\t\t\t\t\t<div class=\"elementor-container elementor-column-gap-default\">\n\t\t\t\t\t<div class=\"elementor-column elementor-col-100 elementor-top-column elementor-element elementor-element-4cf0e458\" data-id=\"4cf0e458\" data-element_type=\"column\" data-e-type=\"column\">\n\t\t\t<div class=\"elementor-widget-wrap elementor-element-populated\">\n\t\t\t\t\t\t<div class=\"elementor-element elementor-element-273ce95 elementor-widget elementor-widget-image\" data-id=\"273ce95\" data-element_type=\"widget\" data-e-type=\"widget\" data-widget_type=\"image.default\">\n\t\t\t\t<div class=\"elementor-widget-container\">\n\t\t\t\t\t\t\t\t\t\t\t\t\t\t\t<img decoding=\"async\" width=\"301\" height=\"82\" src=\"https:\/\/www.ibizadiferente.com\/wp-content\/uploads\/2021\/05\/Logo-Apibiza.svg\" class=\"attachment-medium size-medium wp-image-29243\" alt=\"\" \/>\t\t\t\t\t\t\t\t\t\t\t\t\t\t\t<\/div>\n\t\t\t\t<\/div>\n\t\t\t\t<div class=\"elementor-element elementor-element-58bf16fb elementor-widget elementor-widget-text-editor\" data-id=\"58bf16fb\" data-element_type=\"widget\" data-e-type=\"widget\" data-widget_type=\"text-editor.default\">\n\t\t\t\t<div class=\"elementor-widget-container\">\n\t\t\t\t\t\t\t\t\t<p>Ibiza Diferente es miembro de APIBIZA. En el a\u00f1o 2015 se fund\u00f3 en Ibiza la Asociaci\u00f3n de profesionales inmobiliarios (APIBIZA), dentro de la PIMEEF (peque\u00f1a\/mediana empresa de Ibiza y Formentera).<\/p><p>La idea como necesidad de dignificar una profesi\u00f3n que en los \u00faltimos a\u00f1os se ha visto desdibujada por las malas pr\u00e1cticas de algunos falsos profesionales. Adem\u00e1s de la necesidad de colaboraci\u00f3n en un entorno y mercado cambiante que permite llegar a todas las necesidades del mercado y trabajar conjuntamente para conseguir m\u00e1s negocio. Forman parte de esta asociaci\u00f3n agencias, con amplia experiencia y conocimiento en el mercado de Ibiza, con clientes nacionales e internacionales.<\/p><p>Juntos estos profesionales con el fin de crear una base de datos de propiedades en exclusiva para den garant\u00eda a los vendedores de buen trato a las propiedades y a los compradores la compra con todas las garant\u00edas. Nuestra filosof\u00eda es el trabajo honesto y el servicio a los clientes.<\/p>\t\t\t\t\t\t\t\t<\/div>\n\t\t\t\t<\/div>\n\t\t\t\t<div class=\"elementor-element elementor-element-7d819a5 elementor-widget elementor-widget-image\" data-id=\"7d819a5\" data-element_type=\"widget\" data-e-type=\"widget\" data-widget_type=\"image.default\">\n\t\t\t\t<div class=\"elementor-widget-container\">\n\t\t\t\t\t\t\t\t\t\t\t\t\t\t\t<img fetchpriority=\"high\" decoding=\"async\" width=\"1024\" height=\"648\" src=\"https:\/\/www.ibizadiferente.com\/wp-content\/uploads\/2021\/05\/asociacionapibiza-estaticas_5c484602cf3ae-source-1024x648.jpg\" class=\"attachment-large size-large wp-image-30247\" alt=\"\" srcset=\"https:\/\/www.ibizadiferente.com\/wp-content\/uploads\/2021\/05\/asociacionapibiza-estaticas_5c484602cf3ae-source-1024x648.jpg 1024w, https:\/\/www.ibizadiferente.com\/wp-content\/uploads\/2021\/05\/asociacionapibiza-estaticas_5c484602cf3ae-source-300x190.jpg 300w, https:\/\/www.ibizadiferente.com\/wp-content\/uploads\/2021\/05\/asociacionapibiza-estaticas_5c484602cf3ae-source-768x486.jpg 768w, https:\/\/www.ibizadiferente.com\/wp-content\/uploads\/2021\/05\/asociacionapibiza-estaticas_5c484602cf3ae-source-1536x972.jpg 1536w, https:\/\/www.ibizadiferente.com\/wp-content\/uploads\/2021\/05\/asociacionapibiza-estaticas_5c484602cf3ae-source.jpg 2000w\" sizes=\"(max-width: 1024px) 100vw, 1024px\" \/>\t\t\t\t\t\t\t\t\t\t\t\t\t\t\t<\/div>\n\t\t\t\t<\/div>\n\t\t\t\t\t<\/div>\n\t\t<\/div>\n\t\t\t\t\t<\/div>\n\t\t<\/section>\n\t\t\t\t<\/div>","protected":false},"excerpt":{"rendered":"<p>Ibiza Diferente es miembro de APIBIZA. En el a\u00f1o 2015 se fund\u00f3 en Ibiza la Asociaci\u00f3n de profesionales inmobiliarios (APIBIZA), dentro de la PIMEEF (peque\u00f1a\/mediana empresa de Ibiza y Formentera). La idea como necesidad de dignificar una profesi\u00f3n que en los \u00faltimos a\u00f1os se ha visto desdibujada por las malas pr\u00e1cticas de algunos falsos profesionales. Adem\u00e1s de la necesidad de colaboraci\u00f3n en un entorno ...<\/p>","protected":false},"author":1,"featured_media":0,"parent":0,"menu_order":0,"comment_status":"closed","ping_status":"open","template":"","meta":{"footnotes":""},"class_list":["post-22548","page","type-page","status-publish","hentry"],"_links":{"self":[{"href":"https:\/\/www.ibizadiferente.com\/es\/wp-json\/wp\/v2\/pages\/22548","targetHints":{"allow":["GET"]}}],"collection":[{"href":"https:\/\/www.ibizadiferente.com\/es\/wp-json\/wp\/v2\/pages"}],"about":[{"href":"https:\/\/www.ibizadiferente.com\/es\/wp-json\/wp\/v2\/types\/page"}],"author":[{"embeddable":true,"href":"https:\/\/www.ibizadiferente.com\/es\/wp-json\/wp\/v2\/users\/1"}],"replies":[{"embeddable":true,"href":"https:\/\/www.ibizadiferente.com\/es\/wp-json\/wp\/v2\/comments?post=22548"}],"version-history":[{"count":17,"href":"https:\/\/www.ibizadiferente.com\/es\/wp-json\/wp\/v2\/pages\/22548\/revisions"}],"predecessor-version":[{"id":30352,"href":"https:\/\/www.ibizadiferente.com\/es\/wp-json\/wp\/v2\/pages\/22548\/revisions\/30352"}],"wp:attachment":[{"href":"https:\/\/www.ibizadiferente.com\/es\/wp-json\/wp\/v2\/media?parent=22548"}],"curies":[{"name":"wp","href":"https:\/\/api.w.org\/{rel}","templated":true}]}}