{"id":29279,"date":"2021-05-12T11:20:44","date_gmt":"2021-05-12T11:20:44","guid":{"rendered":"https:\/\/bramb4.sg-host.com\/?page_id=29279"},"modified":"2022-01-17T11:55:15","modified_gmt":"2022-01-17T09:55:15","slug":"booking-conditions","status":"publish","type":"page","link":"https:\/\/www.ibizadiferente.com\/es\/booking-conditions\/","title":{"rendered":"Condiciones de reserva"},"content":{"rendered":"<div data-elementor-type=\"wp-page\" data-elementor-id=\"29279\" class=\"elementor elementor-29279\" data-elementor-post-type=\"page\">\n\t\t\t\t\t\t<section class=\"elementor-section elementor-top-section elementor-element elementor-element-37f4e838 elementor-section-boxed elementor-section-height-default elementor-section-height-default\" data-id=\"37f4e838\" data-element_type=\"section\" data-e-type=\"section\" data-settings=\"{&quot;background_background&quot;:&quot;classic&quot;}\">\n\t\t\t\t\t\t<div class=\"elementor-container elementor-column-gap-default\">\n\t\t\t\t\t<div class=\"elementor-column elementor-col-100 elementor-top-column elementor-element elementor-element-1d2c96f2\" data-id=\"1d2c96f2\" data-element_type=\"column\" data-e-type=\"column\">\n\t\t\t<div class=\"elementor-widget-wrap elementor-element-populated\">\n\t\t\t\t\t\t<div class=\"elementor-element elementor-element-271ca7d7 elementor-widget elementor-widget-text-editor\" data-id=\"271ca7d7\" data-element_type=\"widget\" data-e-type=\"widget\" data-widget_type=\"text-editor.default\">\n\t\t\t\t<div class=\"elementor-widget-container\">\n\t\t\t\t\t\t\t\t\t<p><\/p>\n<p><strong>El propietario\/intermediario no es una agencia de viajes y, por lo tanto, no puede asumir ninguna responsabilidad en relaci\u00f3n con los horarios de los vuelos, las cancelaciones y los retrasos. Nuestros precios no incluyen los vuelos ni los seguros de viaje y cancelaci\u00f3n.<\/strong><\/p>\n<p><\/p>\n<p><\/p>\n<p><strong>Reservas:<\/strong>&nbsp;Las reservas de alojamiento pueden hacerse por tel\u00e9fono o por correo electr\u00f3nico. El formulario de informaci\u00f3n debe rellenarse y devolverse al propietario\/intermediario en los tres d\u00edas siguientes a la reserva. La confirmaci\u00f3n de la reserva por tel\u00e9fono es vinculante para el propietario una vez enviada la factura.<\/p>\n<p><\/p>\n<p><\/p>\n<p><strong>El pago:<\/strong>&nbsp;El anticipo del 50% del importe total debe transferirse a la cuenta bancaria del propietario\/intermediario en los 3 d\u00edas siguientes a la reserva. El importe restante deber\u00e1 abonarse al propietario\/intermediario a m\u00e1s tardar 4 semanas antes del d\u00eda de llegada. Si la reserva se realiza dentro de las 4 semanas anteriores al d\u00eda de llegada, el propietario\/intermediario le exige que pague el importe total en un plazo de 48 horas. El propietario se reserva el derecho de cancelar cualquier reserva en caso de que un pago se retrase.<\/p>\n<p><\/p>\n<p><\/p>\n<p><strong>Cancelaci\u00f3n:<\/strong>&nbsp;Toda cancelaci\u00f3n debe ser confirmada por escrito. Si recibimos su aviso de cancelaci\u00f3n 12 semanas antes del d\u00eda de llegada, se le cobrar\u00e1 30% del coste total m\u00e1s 25,- euros de gastos de administraci\u00f3n. En el caso de que la cancelaci\u00f3n se produzca entre 12 y 8 semanas antes de la llegada, se cobrar\u00e1 50%, y en el caso de que se produzca dentro de las 8 semanas, 100%. La cancelaci\u00f3n es efectiva a partir del d\u00eda en que el propietario\/intermediario recibe una confirmaci\u00f3n por escrito. Estas condiciones de cancelaci\u00f3n tambi\u00e9n se aplican en caso de impago. En tal caso, el anticipo se utilizar\u00e1 como compensaci\u00f3n. Le aconsejamos que contrate un seguro de cancelaci\u00f3n para su reserva.<\/p>\n<p><\/p>\n<p><\/p>\n<p><strong>Dep\u00f3sito:<\/strong>&nbsp;Se requiere un dep\u00f3sito para cada alojamiento, que se paga mediante una transferencia al banco antes de la llegada. El importe \u00edntegro de esta fianza se devolver\u00e1 (a su cargo) en caso de que no se produzcan da\u00f1os en el alojamiento, de lo contrario se le cobrar\u00e1n los gastos ocasionados. En caso de que se requiera m\u00e1s tiempo para limpiar el alojamiento despu\u00e9s de su estancia, por ejemplo, para limpiar la vajilla o recoger la basura, se cobrar\u00e1n 25 euros por hora. La basura debe tirarse en los contenedores de la v\u00eda p\u00fablica. En caso de que no lo haga, el administrador puede deducir hasta 150 euros de su fianza.<\/p>\n<p><\/p>\n<p><\/p>\n<p><strong>La responsabilidad:<\/strong>&nbsp;El propietario\/intermediario: En caso de circunstancias imprevistas por las que el propietario\/intermediario se vea obligado a cancelar la reserva, se ofrecer\u00e1 al cliente\/cliente un alojamiento equivalente. Si esto no es posible o si el cliente no est\u00e1 satisfecho con el alojamiento ofrecido, el propietario devolver\u00e1 el importe ya pagado sin ninguna otra compensaci\u00f3n. El propietario\/intermediario no se responsabiliza de los da\u00f1os a los bienes personales ni de las lesiones personales causadas en la casa. El intermediario no se hace responsable de las modificaciones realizadas en las propiedades por sus propietarios sin nuestro conocimiento, incluidas las renovaciones. Todas las propiedades alquiladas son s\u00f3lo para fines vacacionales. Las sesiones fotogr\u00e1ficas profesionales y las fiestas o bodas y\/o en los alrededores de la casa s\u00f3lo se permiten despu\u00e9s de un permiso expl\u00edcito en un contrato escrito por el propietario.<\/p>\n<p><\/p>\n<p><\/p>\n<p><strong>Inquilino responsable:<\/strong>&nbsp;El inquilino es responsable de todos los da\u00f1os causados a la propiedad durante toda la estancia. El n\u00famero de hu\u00e9spedes que se alojen en una vivienda de alquiler no debe superar el n\u00famero que se haya comunicado. Deben evitarse las molestias por ruido en todo momento. Sin embargo, entre las 24.00 y las 08.00 horas est\u00e1 prohibido causar cualquier molestia por ruido. Esto puede dar lugar a un desalojo sin indemnizaci\u00f3n alguna. En caso de p\u00e9rdida de llaves, se exige una cantidad de hasta 500 euros para la sustituci\u00f3n de la cerradura. Los animales dom\u00e9sticos s\u00f3lo se permiten despu\u00e9s de la aprobaci\u00f3n expl\u00edcita del propietario.<\/p>\n<p><\/p>\n<p><\/p>\n<p><strong>Llegada y salida:<\/strong>&nbsp;El d\u00eda de llegada podr\u00e1 acceder al alojamiento a las 16.00 horas. El d\u00eda de la salida tendr\u00e1 que dejar el alojamiento antes de las 10.00. El alojamiento debe ser limpiado con una escoba. Se espera que los inquilinos saquen la basura y hagan la limpieza. El incumplimiento de estas normas dar\u00e1 lugar a la deducci\u00f3n de la fianza.<\/p>\n<p><\/p>\n<p><\/p>\n<p><strong>Reclamaciones:<\/strong>&nbsp;Todos los alojamientos de vacaciones seleccionados por el propietario cumplen nuestras normas, teniendo en cuenta el local para la decoraci\u00f3n interior. Si considera que hay alg\u00fan problema con el alojamiento de vacaciones, p\u00f3ngase en contacto con uno de nuestros empleados inmediatamente. Hacemos todo lo posible para resolver la queja r\u00e1pidamente y a satisfacci\u00f3n de todos. Si el cliente abandona la propiedad antes de haber llegado a un acuerdo con el propietario, perder\u00e1 el derecho a cualquier compensaci\u00f3n. Si tiene alguna queja justa, comun\u00edquela localmente a nuestros colaboradores. Dentro de los 14 d\u00edas siguientes al d\u00eda de la salida del alojamiento, tiene que enviar una queja por escrito (correo o carta) al propietario\/intermediario para confirmar. Sin una confirmaci\u00f3n por escrito, no podemos tramitar su queja.<\/p>\n<p><\/p>\t\t\t\t\t\t\t\t<\/div>\n\t\t\t\t<\/div>\n\t\t\t\t\t<\/div>\n\t\t<\/div>\n\t\t\t\t\t<\/div>\n\t\t<\/section>\n\t\t\t\t<\/div>","protected":false},"excerpt":{"rendered":"<p>El propietario\/intermediario no es una agencia de viajes y, por lo tanto, no puede asumir ninguna responsabilidad en cuanto a horarios de vuelos, cancelaciones y retrasos. Nuestros precios no incluyen los vuelos ni los seguros de viaje y cancelaci\u00f3n. Reservas: Las reservas de alojamiento pueden hacerse por tel\u00e9fono o por correo electr\u00f3nico. El formulario de informaci\u00f3n debe rellenarse y devolverse al propietario\/intermediario en los tres d\u00edas siguientes a la reserva. La confirmaci\u00f3n de la reserva por tel\u00e9fono es ...<\/p>","protected":false},"author":1,"featured_media":0,"parent":0,"menu_order":0,"comment_status":"closed","ping_status":"closed","template":"","meta":{"footnotes":""},"class_list":["post-29279","page","type-page","status-publish","hentry"],"_links":{"self":[{"href":"https:\/\/www.ibizadiferente.com\/es\/wp-json\/wp\/v2\/pages\/29279","targetHints":{"allow":["GET"]}}],"collection":[{"href":"https:\/\/www.ibizadiferente.com\/es\/wp-json\/wp\/v2\/pages"}],"about":[{"href":"https:\/\/www.ibizadiferente.com\/es\/wp-json\/wp\/v2\/types\/page"}],"author":[{"embeddable":true,"href":"https:\/\/www.ibizadiferente.com\/es\/wp-json\/wp\/v2\/users\/1"}],"replies":[{"embeddable":true,"href":"https:\/\/www.ibizadiferente.com\/es\/wp-json\/wp\/v2\/comments?post=29279"}],"version-history":[{"count":11,"href":"https:\/\/www.ibizadiferente.com\/es\/wp-json\/wp\/v2\/pages\/29279\/revisions"}],"predecessor-version":[{"id":37242,"href":"https:\/\/www.ibizadiferente.com\/es\/wp-json\/wp\/v2\/pages\/29279\/revisions\/37242"}],"wp:attachment":[{"href":"https:\/\/www.ibizadiferente.com\/es\/wp-json\/wp\/v2\/media?parent=29279"}],"curies":[{"name":"wp","href":"https:\/\/api.w.org\/{rel}","templated":true}]}}