{"id":29335,"date":"2021-05-13T13:00:06","date_gmt":"2021-05-13T13:00:06","guid":{"rendered":"https:\/\/bramb4.sg-host.com\/?page_id=29335"},"modified":"2021-10-05T09:41:22","modified_gmt":"2021-10-05T07:41:22","slug":"legal-notice","status":"publish","type":"page","link":"https:\/\/www.ibizadiferente.com\/es\/legal-notice\/","title":{"rendered":"Aviso legal"},"content":{"rendered":"<div data-elementor-type=\"wp-page\" data-elementor-id=\"29335\" class=\"elementor elementor-29335\" data-elementor-post-type=\"page\">\n\t\t\t\t\t\t<section class=\"elementor-section elementor-top-section elementor-element elementor-element-6ef96e46 elementor-section-boxed elementor-section-height-default elementor-section-height-default\" data-id=\"6ef96e46\" data-element_type=\"section\" data-e-type=\"section\" data-settings=\"{&quot;background_background&quot;:&quot;classic&quot;}\">\n\t\t\t\t\t\t<div class=\"elementor-container elementor-column-gap-default\">\n\t\t\t\t\t<div class=\"elementor-column elementor-col-100 elementor-top-column elementor-element elementor-element-31e7f923\" data-id=\"31e7f923\" data-element_type=\"column\" data-e-type=\"column\">\n\t\t\t<div class=\"elementor-widget-wrap elementor-element-populated\">\n\t\t\t\t\t\t<div class=\"elementor-element elementor-element-6076649b elementor-widget elementor-widget-text-editor\" data-id=\"6076649b\" data-element_type=\"widget\" data-e-type=\"widget\" data-widget_type=\"text-editor.default\">\n\t\t\t\t<div class=\"elementor-widget-container\">\n\t\t\t\t\t\t\t\t\t\n<p><strong>INFORMACI\u00d3N GENERAL<\/strong><\/p>\n\n<p><strong>De acuerdo con el art\u00edculo 10 de la Ley 34\/2002, de 11 de julio, de Servicios de la Sociedad de la Informaci\u00f3n y Comercio Electr\u00f3nico, ponemos a su disposici\u00f3n la siguiente informaci\u00f3n:<\/strong><\/p>\n\n<p>IBIZA DIFERENTE S.L. est\u00e1 domiciliada en CTRA SAN JOSE KM 10, 07830 SAN JOSE (ISLAS BALEARES) con CIF. B57681314.<\/p>\n\n<p>En la p\u00e1gina web (sitio web de la empresa) hay una serie de contenidos informativos sobre el contenido del sitio web.<\/p>\n\n<p><strong>Su principal objetivo\u00a0<\/strong>es proporcionar a los clientes y al p\u00fablico en general informaci\u00f3n relacionada con la empresa, los productos y los servicios ofrecidos.<\/p>\n\n<p><strong>CONDICIONES DE USO<\/strong><\/p>\n\n<p><strong>Las condiciones de acceso y uso de este sitio web se rigen por la legislaci\u00f3n vigente y por el principio de buena fe\u00a0<\/strong>El usuario se compromete a hacer un buen uso de la web. No est\u00e1n permitidas las conductas que vayan en contra de la ley, los derechos o intereses de terceros.<\/p>\n\n<p>Ser usuario del sitio web de (sitio web de la empresa) implica que reconoce haber le\u00eddo y aceptado estas condiciones y lo que extienda la normativa legal aplicable en esta materia. Si por cualquier motivo no est\u00e1 de acuerdo con estas condiciones, no contin\u00fae utilizando este sitio web.<\/p>\n\n<p><strong>Cualquier tipo de notificaci\u00f3n y\/o reclamaci\u00f3n s\u00f3lo ser\u00e1 v\u00e1lida mediante notificaci\u00f3n escrita y\/o correo certificado.<\/strong><\/p>\n\n<p><strong>RESPONSABILIDADES<\/strong><\/p>\n\n<p>IBIZA DIFERENTE S.L.\u00a0<strong>no se hace responsable de la informaci\u00f3n y contenidos almacenados en foros, redes sociales o cualquier otro medio\u00a0<\/strong>que permite a terceros publicar contenidos de forma independiente en el sitio web del proveedor.<\/p>\n\n<p>No obstante, teniendo en cuenta el art. 11 y 16 de la LSSI-CE, IBIZA DIFERENTE S.L.\u00a0<strong>se compromete a retirar o, en su caso, bloquear los contenidos que puedan afectar o contravenir la legislaci\u00f3n nacional, europea e internacional\u00a0<\/strong>Los derechos de terceros o la moralidad y el orden p\u00fablico.<\/p>\n\n<p><strong>Tampoco ser\u00e1 responsable de los da\u00f1os causados por fallos o errores de configuraci\u00f3n del software instalado en el ordenador del internauta.\u00a0<\/strong>Queda excluida toda responsabilidad por cualquier incidencia t\u00e9cnica o fallo que se produzca al conectarse el usuario a Internet. Asimismo, no se garantiza la inexistencia de interrupciones o errores en el acceso al sitio web.<\/p>\n\n<p>Asimismo, IBIZA DIFERENTE S.L.\u00a0<strong>se reserva el derecho a actualizar, modificar o eliminar la informaci\u00f3n contenida en su sitio web<\/strong>, as\u00ed como su configuraci\u00f3n o presentaci\u00f3n, en cualquier momento sin asumir responsabilidad alguna por ello. IBIZA DIFERENTE S.L. no se responsabiliza de la integridad, exactitud y actualidad de los datos relativos a los inmuebles publicados en esta web. El precio indicado del inmueble se indica m\u00e1s los impuestos y otros gastos adicionales.<\/p>\n\n<p>Le informamos que cualquier precio que pueda ver en nuestra web ser\u00e1 \u00fanicamente orientativo. Si el usuario quiere saber exactamente el precio o si el producto tiene actualmente alguna oferta de la que pueda beneficiarse, deber\u00e1 acudir a una de las tiendas f\u00edsicas que IBIZA DIFERENTE S.L. tiene.<\/p>\n\n<p><strong>PROPIEDAD INTELECTUAL E INDUSTRIAL<\/strong><\/p>\n\n<p>IBIZA DIFERENTE S.L. es\u00a0<strong>el titular de todos los derechos sobre el software de la publicaci\u00f3n digital, as\u00ed como de los derechos de propiedad industrial e intelectual relativos a los contenidos incluidos\u00a0<\/strong>, a excepci\u00f3n de los derechos sobre productos y servicios de car\u00e1cter p\u00fablico que no son propiedad de esta empresa.<\/p>\n\n<p><strong>Ning\u00fan material publicado en este sitio web puede ser reproducido, copiado o publicado\u00a0<\/strong>sin el consentimiento escrito de IBIZA DIFERENTE S.L.\u00a0<strong>Toda la informaci\u00f3n recibida en la web, como comentarios, sugerencias o ideas, se tendr\u00e1 en cuenta asignada\u00a0<\/strong>IBIZA DIFERENTE S.L. de forma gratuita. No se debe enviar informaci\u00f3n que NO pueda ser tratada de esta manera.<\/p>\n\n<p>Todos los productos y servicios de estas p\u00e1ginas que NO son propiedad de IBIZA DIFERENTE S.L. son marcas registradas de sus respectivos propietarios y son reconocidas como tales por nuestra empresa. Solamente aparecen en IBIZA DIFERENTE S.L. a efectos de promoci\u00f3n y de recopilaci\u00f3n de informaci\u00f3n. Estos propietarios pueden solicitar la modificaci\u00f3n o eliminaci\u00f3n de la informaci\u00f3n que les pertenece.<\/p>\n\n<p><strong>LEY Y JURISDICCI\u00d3N APLICABLES<\/strong><br \/><strong>Estas condiciones generales se rigen por la legislaci\u00f3n espa\u00f1ola y europea.<\/strong><\/p>\n\n<p><strong>POL\u00cdTICA DE COOKIES<\/strong><\/p>\n\n<p>IBIZA DIFERENTE S.L.\u00a0<strong>por cuenta propia o de un tercero contratado para la prestaci\u00f3n de servicios de medici\u00f3n, pueden utilizar cookies cuando el usuario navega por el sitio web. Las cookies son archivos enviados al navegador a trav\u00e9s de un servicio web con el fin de registrar las actividades del usuario durante su tiempo de navegaci\u00f3n.<\/strong><\/p>\n\n<p>Las cookies utilizadas se asocian \u00fanicamente con un usuario an\u00f3nimo y su ordenador, y no proporcionan por s\u00ed mismas los datos personales del usuario.<\/p>\n\n<p><strong>Mediante el uso de cookies es posible que el servidor donde se encuentra la web reconozca el navegador utilizado por el usuario para facilitar la navegaci\u00f3n.\u00a0<\/strong>Tambi\u00e9n se utilizan para medir los par\u00e1metros de audiencia y tr\u00e1fico, controlar el proceso y el n\u00famero de entradas.<\/p>\n\n<p><strong>El usuario tiene la posibilidad de configurar su navegador para ser avisado de la recepci\u00f3n de cookies y para impedir su instalaci\u00f3n en su ordenador.\u00a0<\/strong>Por favor, consulte las instrucciones y manuales de su navegador para ampliar esta informaci\u00f3n.<\/p>\n\n<p>Para utilizar el sitio web no resulta necesario que el usuario permita la instalaci\u00f3n de las cookies enviadas al sitio web, o al tercero que act\u00fae en su nombre, sin perjuicio de que sea necesario que el usuario inicie una sesi\u00f3n en cada uno de los servicios cuya prestaci\u00f3n requiera el previo registro.<\/p>\n\n<p>En cualquier caso\u00a0<strong>las cookies son temporales\u00a0<\/strong>con el \u00fanico fin de hacer m\u00e1s eficiente su posterior transmisi\u00f3n. En ning\u00fan caso se utilizar\u00e1n las cookies para recoger informaci\u00f3n personal.<\/p>\n\t\t\t\t\t\t\t\t<\/div>\n\t\t\t\t<\/div>\n\t\t\t\t\t<\/div>\n\t\t<\/div>\n\t\t\t\t\t<\/div>\n\t\t<\/section>\n\t\t\t\t<\/div>","protected":false},"excerpt":{"rendered":"<p>INFORMACI\u00d3N GENERAL En cumplimiento del art\u00edculo 10 de la Ley 34\/2002, de 11 de julio, de Servicios de la Sociedad de la Informaci\u00f3n y Comercio Electr\u00f3nico, ponemos a su disposici\u00f3n la siguiente informaci\u00f3n: IBIZA DIFERENTE S.L. tiene su domicilio en CTRA SAN JOSE KM 10, 07830 SAN JOSE (ISLAS BALEARES) con CIF. B57681314. En la p\u00e1gina web (web de la empresa) hay una serie de contenidos informativos sobre el contenido ...<\/p>","protected":false},"author":1,"featured_media":0,"parent":0,"menu_order":0,"comment_status":"closed","ping_status":"closed","template":"","meta":{"footnotes":""},"class_list":["post-29335","page","type-page","status-publish","hentry"],"_links":{"self":[{"href":"https:\/\/www.ibizadiferente.com\/es\/wp-json\/wp\/v2\/pages\/29335","targetHints":{"allow":["GET"]}}],"collection":[{"href":"https:\/\/www.ibizadiferente.com\/es\/wp-json\/wp\/v2\/pages"}],"about":[{"href":"https:\/\/www.ibizadiferente.com\/es\/wp-json\/wp\/v2\/types\/page"}],"author":[{"embeddable":true,"href":"https:\/\/www.ibizadiferente.com\/es\/wp-json\/wp\/v2\/users\/1"}],"replies":[{"embeddable":true,"href":"https:\/\/www.ibizadiferente.com\/es\/wp-json\/wp\/v2\/comments?post=29335"}],"version-history":[{"count":16,"href":"https:\/\/www.ibizadiferente.com\/es\/wp-json\/wp\/v2\/pages\/29335\/revisions"}],"predecessor-version":[{"id":35632,"href":"https:\/\/www.ibizadiferente.com\/es\/wp-json\/wp\/v2\/pages\/29335\/revisions\/35632"}],"wp:attachment":[{"href":"https:\/\/www.ibizadiferente.com\/es\/wp-json\/wp\/v2\/media?parent=29335"}],"curies":[{"name":"wp","href":"https:\/\/api.w.org\/{rel}","templated":true}]}}