{"id":29434,"date":"2021-05-19T12:18:39","date_gmt":"2021-05-19T12:18:39","guid":{"rendered":"https:\/\/bramb4.sg-host.com\/?page_id=29434"},"modified":"2023-11-01T13:14:30","modified_gmt":"2023-11-01T11:14:30","slug":"mortgage","status":"publish","type":"page","link":"https:\/\/www.ibizadiferente.com\/es\/mortgage\/","title":{"rendered":"Hipoteca"},"content":{"rendered":"<div data-elementor-type=\"wp-page\" data-elementor-id=\"29434\" class=\"elementor elementor-29434\" data-elementor-post-type=\"page\">\n\t\t\t\t\t\t<section class=\"elementor-section elementor-inner-section elementor-element elementor-element-10dfa0e0 elementor-section-boxed elementor-section-height-default elementor-section-height-default\" data-id=\"10dfa0e0\" data-element_type=\"section\" data-e-type=\"section\" data-settings=\"{&quot;background_background&quot;:&quot;classic&quot;}\">\n\t\t\t\t\t\t\t<div class=\"elementor-background-overlay\"><\/div>\n\t\t\t\t\t\t\t<div class=\"elementor-container elementor-column-gap-default\">\n\t\t\t\t\t<div class=\"elementor-column elementor-col-50 elementor-inner-column elementor-element elementor-element-5b64a2e7\" data-id=\"5b64a2e7\" data-element_type=\"column\" data-e-type=\"column\">\n\t\t\t<div class=\"elementor-widget-wrap elementor-element-populated\">\n\t\t\t\t\t\t<div class=\"elementor-element elementor-element-377bebec elementor-invisible elementor-widget elementor-widget-text-editor\" data-id=\"377bebec\" data-element_type=\"widget\" data-e-type=\"widget\" data-settings=\"{&quot;_animation&quot;:&quot;fadeIn&quot;,&quot;_animation_delay&quot;:200}\" data-widget_type=\"text-editor.default\">\n\t\t\t\t<div class=\"elementor-widget-container\">\n\t\t\t\t\t\t\t\t\t<p><span style=\"color: #000000;\">Hipoteca directa<\/span><\/p>\t\t\t\t\t\t\t\t<\/div>\n\t\t\t\t<\/div>\n\t\t\t\t<div class=\"elementor-element elementor-element-713b842f elementor-invisible elementor-widget elementor-widget-text-editor\" data-id=\"713b842f\" data-element_type=\"widget\" data-e-type=\"widget\" data-settings=\"{&quot;_animation&quot;:&quot;fadeIn&quot;,&quot;_animation_delay&quot;:200}\" data-widget_type=\"text-editor.default\">\n\t\t\t\t<div class=\"elementor-widget-container\">\n\t\t\t\t\t\t\t\t\t<h2>Bienvenido a Mortgage Direct Premier, el agente financiero independiente l\u00edder en Espa\u00f1a, en colaboraci\u00f3n con Ibiza Diferente.<\/h2><p>Mortgage Direct lleva operando en Espa\u00f1a desde 2006. Durante este tiempo se han consolidado como el broker independiente l\u00edder en Espa\u00f1a, con una fuerte presencia en las Islas Baleares, donde sus equipos Premier est\u00e1n dirigidos por Howard Steel y Bert van Daalen en Ibiza.<br \/><br \/>A trav\u00e9s de su servicio MD Premier, ofrecen un servicio completo de apoyo a clientes de todas las nacionalidades, tanto residentes como no residentes, para garantizar las mejores soluciones de financiaci\u00f3n posibles para la adquisici\u00f3n de propiedades.<br \/><br \/>Entre las ventajas de utilizar sus servicios se incluyen:<\/p><ol><li>Un equipo de 17 asesores cualificados (hablantes nativos de 8 idiomas, incluido el neerland\u00e9s).<\/li><li>Regulado por el Banco de Espa\u00f1a<\/li><li>97% \u00cdndice de aprobaci\u00f3n<\/li><li>Financiaci\u00f3n a corto plazo y para el desarrollo a trav\u00e9s de prestamistas institucionales<\/li><li>Condiciones exclusivas para clientes de Ibiza Diferente (ver m\u00e1s abajo)<\/li><li>Presupuestos hipotecarios gratuitos y sin compromiso en 24-48 horas<\/li><li>Servicio profesional y totalmente confidencial<\/li><li>Financiaci\u00f3n fiscalmente beneficiosa (solicite asesoramiento independiente)<\/li><li>Productos globales a medida para grandes patrimonios y grandes fortunas<\/li><\/ol><p><br \/><strong>Condiciones del mercado y acuerdos exclusivos<\/strong><br \/><br \/>Debido al volumen de negocio hipotecario que tramitan, Mortgage Direct Premier negocia las mejores condiciones del mercado para sus clientes. Esto incluye tipos variables, mixtos y fijos a largo plazo tanto para particulares como para estructuras empresariales. Para clientes con grandes patrimonios, tambi\u00e9n pueden ofrecer facilidades de s\u00f3lo inter\u00e9s 100% con una relaci\u00f3n de inversor con el prestamista.<br \/><br \/>En la actualidad, se conceden hipotecas de hasta 70% LTV * a los no residentes y de 80% a los residentes. Tambi\u00e9n hay algunos productos hipotecarios especiales por encima de 80% disponibles para clientes j\u00f3venes residentes que compran por primera vez. Tenga en cuenta que los pr\u00e9stamos hipotecarios se basan en el importe m\u00e1s bajo entre el precio de compra y la tasaci\u00f3n.<\/p><p><br \/>Dados los recientes cambios en la normativa hipotecaria, le recomendamos que se ponga en contacto con Mortgage Direct si tiene alguna duda sobre si cumple los requisitos para obtener financiaci\u00f3n, a cu\u00e1nto ascender\u00eda y qu\u00e9 condiciones podr\u00edan ofrecerle. Son completamente independientes y cuentan con una gran experiencia en un mercado que a menudo puede resultar muy dif\u00edcil de navegar.<\/p>\t\t\t\t\t\t\t\t<\/div>\n\t\t\t\t<\/div>\n\t\t\t\t\t<\/div>\n\t\t<\/div>\n\t\t\t\t<div class=\"elementor-column elementor-col-50 elementor-inner-column elementor-element elementor-element-7c11ebe6\" data-id=\"7c11ebe6\" data-element_type=\"column\" data-e-type=\"column\" data-settings=\"{&quot;background_background&quot;:&quot;classic&quot;}\">\n\t\t\t<div class=\"elementor-widget-wrap elementor-element-populated\">\n\t\t\t\t\t\t<div class=\"elementor-element elementor-element-877c326 elementor-widget elementor-widget-html\" data-id=\"877c326\" data-element_type=\"widget\" data-e-type=\"widget\" data-widget_type=\"html.default\">\n\t\t\t\t<div class=\"elementor-widget-container\">\n\t\t\t\t\t<div style=\"width: 415px\">\n    <iframe src=\"https:\/\/mortgagedirectsl.com\/calculator\/premier_calculator.html\" width=\"415\" height=\"720\" style=\"border:none;\"><\/iframe><a style=\"float:left; position:relative; margin-top:-70px; width:100%; text-align:center;\" href=\"https:\/\/mortgagedirectsl.com\/ibizadiferente\/initial_premier_enquiry\" target=\"_blank\"><img decoding=\"async\" src=\"https:\/\/mortgagedirectsl.com\/img\/enq_btn_hnw.png\" \/><\/a><\/div>\t\t\t\t<\/div>\n\t\t\t\t<\/div>\n\t\t\t\t\t<\/div>\n\t\t<\/div>\n\t\t\t\t\t<\/div>\n\t\t<\/section>\n\t\t\t\t<\/div>","protected":false},"excerpt":{"rendered":"<p>Mortgage Direct Bienvenido a Mortgage Direct Premier, el br\u00f3ker financiero independiente l\u00edder en Espa\u00f1a, en colaboraci\u00f3n con Ibiza Diferente Mortgage Direct lleva operando en Espa\u00f1a desde 2006. Durante este tiempo han consolidado su lugar como el corredor independiente l\u00edder en Espa\u00f1a con una presencia muy fuerte en las Islas Baleares, donde sus equipos Premier est\u00e1n encabezados por Howard Steel y Bert van Daalen ...<\/p>","protected":false},"author":1,"featured_media":0,"parent":0,"menu_order":0,"comment_status":"closed","ping_status":"closed","template":"","meta":{"footnotes":""},"class_list":["post-29434","page","type-page","status-publish","hentry"],"_links":{"self":[{"href":"https:\/\/www.ibizadiferente.com\/es\/wp-json\/wp\/v2\/pages\/29434","targetHints":{"allow":["GET"]}}],"collection":[{"href":"https:\/\/www.ibizadiferente.com\/es\/wp-json\/wp\/v2\/pages"}],"about":[{"href":"https:\/\/www.ibizadiferente.com\/es\/wp-json\/wp\/v2\/types\/page"}],"author":[{"embeddable":true,"href":"https:\/\/www.ibizadiferente.com\/es\/wp-json\/wp\/v2\/users\/1"}],"replies":[{"embeddable":true,"href":"https:\/\/www.ibizadiferente.com\/es\/wp-json\/wp\/v2\/comments?post=29434"}],"version-history":[{"count":68,"href":"https:\/\/www.ibizadiferente.com\/es\/wp-json\/wp\/v2\/pages\/29434\/revisions"}],"predecessor-version":[{"id":49516,"href":"https:\/\/www.ibizadiferente.com\/es\/wp-json\/wp\/v2\/pages\/29434\/revisions\/49516"}],"wp:attachment":[{"href":"https:\/\/www.ibizadiferente.com\/es\/wp-json\/wp\/v2\/media?parent=29434"}],"curies":[{"name":"wp","href":"https:\/\/api.w.org\/{rel}","templated":true}]}}